{"id":11,"date":"2015-05-11T13:22:34","date_gmt":"2015-05-11T11:22:34","guid":{"rendered":"http:\/\/textrapoland.eu\/?page_id=11"},"modified":"2015-07-27T23:37:35","modified_gmt":"2015-07-27T21:37:35","slug":"magazynowanie","status":"publish","type":"page","link":"http:\/\/textrapoland.eu\/?page_id=11","title":{"rendered":"Magazynowanie"},"content":{"rendered":"<p>Metody sk\u0142adowania, systemy zarz\u0105dzania oraz funkcje magazynu dopasowane do potrzeb Klienta. W\u0142a\u015bciwy czas, w\u0142a\u015bciwe miejsce &#8211; logistyka magazynowa na najwy\u017cszym poziomie.<\/p>\n","protected":false},"excerpt":{"rendered":"<p>Metody sk\u0142adowania, systemy zarz\u0105dzania oraz funkcje magazynu dopasowane do potrzeb Klienta. W\u0142a\u015bciwy czas, w\u0142a\u015bciwe miejsce &#8211; logistyka magazynowa na najwy\u017cszym poziomie.<\/p>\n","protected":false},"author":1,"featured_media":0,"parent":0,"menu_order":0,"comment_status":"open","ping_status":"open","template":"tpl-storage.php","meta":{"footnotes":""},"class_list":["post-11","page","type-page","status-publish","hentry"],"_links":{"self":[{"href":"http:\/\/textrapoland.eu\/index.php?rest_route=\/wp\/v2\/pages\/11","targetHints":{"allow":["GET"]}}],"collection":[{"href":"http:\/\/textrapoland.eu\/index.php?rest_route=\/wp\/v2\/pages"}],"about":[{"href":"http:\/\/textrapoland.eu\/index.php?rest_route=\/wp\/v2\/types\/page"}],"author":[{"embeddable":true,"href":"http:\/\/textrapoland.eu\/index.php?rest_route=\/wp\/v2\/users\/1"}],"replies":[{"embeddable":true,"href":"http:\/\/textrapoland.eu\/index.php?rest_route=%2Fwp%2Fv2%2Fcomments&post=11"}],"version-history":[{"count":5,"href":"http:\/\/textrapoland.eu\/index.php?rest_route=\/wp\/v2\/pages\/11\/revisions"}],"predecessor-version":[{"id":511,"href":"http:\/\/textrapoland.eu\/index.php?rest_route=\/wp\/v2\/pages\/11\/revisions\/511"}],"wp:attachment":[{"href":"http:\/\/textrapoland.eu\/index.php?rest_route=%2Fwp%2Fv2%2Fmedia&parent=11"}],"curies":[{"name":"wp","href":"https:\/\/api.w.org\/{rel}","templated":true}]}}