{"id":13,"date":"2015-05-11T13:22:44","date_gmt":"2015-05-11T11:22:44","guid":{"rendered":"http:\/\/textrapoland.eu\/?page_id=13"},"modified":"2021-11-04T13:11:11","modified_gmt":"2021-11-04T12:11:11","slug":"intrastat","status":"publish","type":"page","link":"http:\/\/textrapoland.eu\/?page_id=13","title":{"rendered":"Intrastat Pozna\u0144"},"content":{"rendered":"<p>System INTRASTAT obowi\u0105zuje w Polsce od 1 maja 2004 r.<\/p>\n<p>Deklaracje Intrastat sporz\u0105dzamy w oparciu o indywidualne oczekiwania naszych Klient\u00f3w. Nasze biuro, kt\u00f3re mie\u015bci si\u0119 w Poznaniu obs\u0142uguje klient\u00f3w z ca\u0142ej Polski.<br \/>\nGwarantujemy zachowanie tajemnicy danych.<\/p>\n","protected":false},"excerpt":{"rendered":"<p>System INTRASTAT obowi\u0105zuje w Polsce od 1 maja 2004 r. Deklaracje Intrastat sporz\u0105dzamy w oparciu o indywidualne oczekiwania naszych Klient\u00f3w. Nasze biuro, kt\u00f3re mie\u015bci si\u0119 w Poznaniu obs\u0142uguje klient\u00f3w z ca\u0142ej Polski. Gwarantujemy zachowanie tajemnicy danych.<\/p>\n","protected":false},"author":1,"featured_media":0,"parent":0,"menu_order":0,"comment_status":"open","ping_status":"open","template":"tpl-intrastat.php","meta":{"footnotes":""},"class_list":["post-13","page","type-page","status-publish","hentry"],"_links":{"self":[{"href":"http:\/\/textrapoland.eu\/index.php?rest_route=\/wp\/v2\/pages\/13","targetHints":{"allow":["GET"]}}],"collection":[{"href":"http:\/\/textrapoland.eu\/index.php?rest_route=\/wp\/v2\/pages"}],"about":[{"href":"http:\/\/textrapoland.eu\/index.php?rest_route=\/wp\/v2\/types\/page"}],"author":[{"embeddable":true,"href":"http:\/\/textrapoland.eu\/index.php?rest_route=\/wp\/v2\/users\/1"}],"replies":[{"embeddable":true,"href":"http:\/\/textrapoland.eu\/index.php?rest_route=%2Fwp%2Fv2%2Fcomments&post=13"}],"version-history":[{"count":7,"href":"http:\/\/textrapoland.eu\/index.php?rest_route=\/wp\/v2\/pages\/13\/revisions"}],"predecessor-version":[{"id":521,"href":"http:\/\/textrapoland.eu\/index.php?rest_route=\/wp\/v2\/pages\/13\/revisions\/521"}],"wp:attachment":[{"href":"http:\/\/textrapoland.eu\/index.php?rest_route=%2Fwp%2Fv2%2Fmedia&parent=13"}],"curies":[{"name":"wp","href":"https:\/\/api.w.org\/{rel}","templated":true}]}}