{"id":17,"date":"2015-05-11T13:22:57","date_gmt":"2015-05-11T11:22:57","guid":{"rendered":"http:\/\/textrapoland.eu\/?page_id=17"},"modified":"2026-03-10T16:09:24","modified_gmt":"2026-03-10T15:09:24","slug":"kontakt","status":"publish","type":"page","link":"http:\/\/textrapoland.eu\/?page_id=17","title":{"rendered":"Kontakt"},"content":{"rendered":"<p>Aby przyspieszy\u0107 proces kontaktu skontaktuj si\u0119<br \/>\nbezpo\u015brednio z kierownikiem danego dzia\u0142u.<\/p>\n","protected":false},"excerpt":{"rendered":"<p>Aby przyspieszy\u0107 proces kontaktu skontaktuj si\u0119 bezpo\u015brednio z kierownikiem danego dzia\u0142u.<\/p>\n","protected":false},"author":1,"featured_media":0,"parent":0,"menu_order":0,"comment_status":"open","ping_status":"open","template":"tpl-contact.php","meta":{"footnotes":""},"class_list":["post-17","page","type-page","status-publish","hentry"],"_links":{"self":[{"href":"http:\/\/textrapoland.eu\/index.php?rest_route=\/wp\/v2\/pages\/17","targetHints":{"allow":["GET"]}}],"collection":[{"href":"http:\/\/textrapoland.eu\/index.php?rest_route=\/wp\/v2\/pages"}],"about":[{"href":"http:\/\/textrapoland.eu\/index.php?rest_route=\/wp\/v2\/types\/page"}],"author":[{"embeddable":true,"href":"http:\/\/textrapoland.eu\/index.php?rest_route=\/wp\/v2\/users\/1"}],"replies":[{"embeddable":true,"href":"http:\/\/textrapoland.eu\/index.php?rest_route=%2Fwp%2Fv2%2Fcomments&post=17"}],"version-history":[{"count":5,"href":"http:\/\/textrapoland.eu\/index.php?rest_route=\/wp\/v2\/pages\/17\/revisions"}],"predecessor-version":[{"id":488,"href":"http:\/\/textrapoland.eu\/index.php?rest_route=\/wp\/v2\/pages\/17\/revisions\/488"}],"wp:attachment":[{"href":"http:\/\/textrapoland.eu\/index.php?rest_route=%2Fwp%2Fv2%2Fmedia&parent=17"}],"curies":[{"name":"wp","href":"https:\/\/api.w.org\/{rel}","templated":true}]}}