{"id":19,"date":"2015-05-11T13:23:05","date_gmt":"2015-05-11T11:23:05","guid":{"rendered":"http:\/\/textrapoland.eu\/?page_id=19"},"modified":"2018-07-09T15:15:31","modified_gmt":"2018-07-09T13:15:31","slug":"wyroznienia","status":"publish","type":"page","link":"http:\/\/textrapoland.eu\/?page_id=19","title":{"rendered":"Wyr\u00f3\u017cnienia"},"content":{"rendered":"<p>Dzi\u0119ki swojej polityce w\u00a0budowaniu jako\u015bci\u00a0odpowiedniej i dostosowanej do potrzeb Klient\u00f3w, co roku odnotowujemy znaczny wzrost swoich notowa\u0144<br \/>\nw bran\u017cy.<\/p>\n<p>Dlatego te\u017c zostali\u015bmy wyr\u00f3\u017cnieniu wieloma presti\u017cowymi nagrodami.<\/p>\n","protected":false},"excerpt":{"rendered":"<p>Dzi\u0119ki swojej polityce w\u00a0budowaniu jako\u015bci\u00a0odpowiedniej i dostosowanej do potrzeb Klient\u00f3w, co roku odnotowujemy znaczny wzrost swoich notowa\u0144 w bran\u017cy. Dlatego te\u017c zostali\u015bmy wyr\u00f3\u017cnieniu wieloma presti\u017cowymi nagrodami.<\/p>\n","protected":false},"author":1,"featured_media":0,"parent":0,"menu_order":0,"comment_status":"open","ping_status":"open","template":"tpl-awards.php","meta":{"footnotes":""},"class_list":["post-19","page","type-page","status-publish","hentry"],"_links":{"self":[{"href":"http:\/\/textrapoland.eu\/index.php?rest_route=\/wp\/v2\/pages\/19","targetHints":{"allow":["GET"]}}],"collection":[{"href":"http:\/\/textrapoland.eu\/index.php?rest_route=\/wp\/v2\/pages"}],"about":[{"href":"http:\/\/textrapoland.eu\/index.php?rest_route=\/wp\/v2\/types\/page"}],"author":[{"embeddable":true,"href":"http:\/\/textrapoland.eu\/index.php?rest_route=\/wp\/v2\/users\/1"}],"replies":[{"embeddable":true,"href":"http:\/\/textrapoland.eu\/index.php?rest_route=%2Fwp%2Fv2%2Fcomments&post=19"}],"version-history":[{"count":9,"href":"http:\/\/textrapoland.eu\/index.php?rest_route=\/wp\/v2\/pages\/19\/revisions"}],"predecessor-version":[{"id":873,"href":"http:\/\/textrapoland.eu\/index.php?rest_route=\/wp\/v2\/pages\/19\/revisions\/873"}],"wp:attachment":[{"href":"http:\/\/textrapoland.eu\/index.php?rest_route=%2Fwp%2Fv2%2Fmedia&parent=19"}],"curies":[{"name":"wp","href":"https:\/\/api.w.org\/{rel}","templated":true}]}}