{"id":230,"date":"2015-06-29T10:08:43","date_gmt":"2015-06-29T08:08:43","guid":{"rendered":"http:\/\/textrapoland.eu\/?page_id=230"},"modified":"2015-11-24T10:12:19","modified_gmt":"2015-11-24T09:12:19","slug":"magazynowanie-3","status":"publish","type":"page","link":"http:\/\/textrapoland.eu\/?page_id=230","title":{"rendered":"Almacenes"},"content":{"rendered":"<p>\n                   Los metodos de almacenamiento,los  sistemas de gesti\u00f3n y  funciones de almac\u00e9n se ajustan a las necesidades del cliente.  Tiempo adecuado,  sitio adecuado  &#8211; log\u00edstica de almacenes al m\u00e1s alto nivel.\n                <\/p>\n","protected":false},"excerpt":{"rendered":"<p>Los metodos de almacenamiento,los sistemas de gesti\u00f3n y funciones de almac\u00e9n se ajustan a las necesidades del cliente. Tiempo adecuado, sitio adecuado &#8211; log\u00edstica de almacenes al m\u00e1s alto nivel.<\/p>\n","protected":false},"author":1,"featured_media":0,"parent":0,"menu_order":0,"comment_status":"open","ping_status":"open","template":"tpl-storage.php","meta":{"footnotes":""},"class_list":["post-230","page","type-page","status-publish","hentry"],"_links":{"self":[{"href":"http:\/\/textrapoland.eu\/index.php?rest_route=\/wp\/v2\/pages\/230","targetHints":{"allow":["GET"]}}],"collection":[{"href":"http:\/\/textrapoland.eu\/index.php?rest_route=\/wp\/v2\/pages"}],"about":[{"href":"http:\/\/textrapoland.eu\/index.php?rest_route=\/wp\/v2\/types\/page"}],"author":[{"embeddable":true,"href":"http:\/\/textrapoland.eu\/index.php?rest_route=\/wp\/v2\/users\/1"}],"replies":[{"embeddable":true,"href":"http:\/\/textrapoland.eu\/index.php?rest_route=%2Fwp%2Fv2%2Fcomments&post=230"}],"version-history":[{"count":5,"href":"http:\/\/textrapoland.eu\/index.php?rest_route=\/wp\/v2\/pages\/230\/revisions"}],"predecessor-version":[{"id":661,"href":"http:\/\/textrapoland.eu\/index.php?rest_route=\/wp\/v2\/pages\/230\/revisions\/661"}],"wp:attachment":[{"href":"http:\/\/textrapoland.eu\/index.php?rest_route=%2Fwp%2Fv2%2Fmedia&parent=230"}],"curies":[{"name":"wp","href":"https:\/\/api.w.org\/{rel}","templated":true}]}}