{"id":246,"date":"2015-06-29T10:36:25","date_gmt":"2015-06-29T08:36:25","guid":{"rendered":"http:\/\/textrapoland.eu\/?page_id=246"},"modified":"2015-11-04T10:54:24","modified_gmt":"2015-11-04T09:54:24","slug":"transport-3","status":"publish","type":"page","link":"http:\/\/textrapoland.eu\/?page_id=246","title":{"rendered":"Transporte"},"content":{"rendered":"<p>\n                    El transporte  se realiza en base a  proveedores propios asociados por  contratos en relaci\u00f3n a IMP \/EXP  en toda Europa.\n                <\/p>\n<p>\n                    Elegimos el mejor m\u00e9todo de entrega  de expedici\u00f3n terrestre ,  mar\u00edtima,  a\u00e9rea.\n                <\/p>\n","protected":false},"excerpt":{"rendered":"<p>El transporte se realiza en base a proveedores propios asociados por contratos en relaci\u00f3n a IMP \/EXP en toda Europa. Elegimos el mejor m\u00e9todo de entrega de expedici\u00f3n terrestre , mar\u00edtima, a\u00e9rea.<\/p>\n","protected":false},"author":1,"featured_media":0,"parent":0,"menu_order":0,"comment_status":"open","ping_status":"open","template":"tpl-transport.php","meta":{"footnotes":""},"class_list":["post-246","page","type-page","status-publish","hentry"],"_links":{"self":[{"href":"http:\/\/textrapoland.eu\/index.php?rest_route=\/wp\/v2\/pages\/246","targetHints":{"allow":["GET"]}}],"collection":[{"href":"http:\/\/textrapoland.eu\/index.php?rest_route=\/wp\/v2\/pages"}],"about":[{"href":"http:\/\/textrapoland.eu\/index.php?rest_route=\/wp\/v2\/types\/page"}],"author":[{"embeddable":true,"href":"http:\/\/textrapoland.eu\/index.php?rest_route=\/wp\/v2\/users\/1"}],"replies":[{"embeddable":true,"href":"http:\/\/textrapoland.eu\/index.php?rest_route=%2Fwp%2Fv2%2Fcomments&post=246"}],"version-history":[{"count":3,"href":"http:\/\/textrapoland.eu\/index.php?rest_route=\/wp\/v2\/pages\/246\/revisions"}],"predecessor-version":[{"id":637,"href":"http:\/\/textrapoland.eu\/index.php?rest_route=\/wp\/v2\/pages\/246\/revisions\/637"}],"wp:attachment":[{"href":"http:\/\/textrapoland.eu\/index.php?rest_route=%2Fwp%2Fv2%2Fmedia&parent=246"}],"curies":[{"name":"wp","href":"https:\/\/api.w.org\/{rel}","templated":true}]}}