{"id":7,"date":"2015-05-11T13:22:01","date_gmt":"2015-05-11T11:22:01","guid":{"rendered":"http:\/\/textrapoland.eu\/?page_id=7"},"modified":"2015-10-06T14:51:29","modified_gmt":"2015-10-06T12:51:29","slug":"transport","status":"publish","type":"page","link":"http:\/\/textrapoland.eu\/?page_id=7","title":{"rendered":"Transport"},"content":{"rendered":"<p>Transporty realizowane s\u0105 w oparciu<br \/>\no w\u0142asnych przewo\u017anik\u00f3w zwi\u0105zanych umow\u0105 partnersk\u0105<br \/>\nw relacji IMP\/EXP w ca\u0142ej Europie.<br \/>\nWybieramy najlepszy spos\u00f3b dostawy drog\u0105 l\u0105dow\u0105, lotnicz\u0105 oraz morsk\u0105.<\/p>\n","protected":false},"excerpt":{"rendered":"<p>Transporty realizowane s\u0105 w oparciu o w\u0142asnych przewo\u017anik\u00f3w zwi\u0105zanych umow\u0105 partnersk\u0105 w relacji IMP\/EXP w ca\u0142ej Europie. Wybieramy najlepszy spos\u00f3b dostawy drog\u0105 l\u0105dow\u0105, lotnicz\u0105 oraz morsk\u0105.<\/p>\n","protected":false},"author":1,"featured_media":0,"parent":0,"menu_order":0,"comment_status":"open","ping_status":"open","template":"tpl-transport.php","meta":{"footnotes":""},"class_list":["post-7","page","type-page","status-publish","hentry"],"_links":{"self":[{"href":"http:\/\/textrapoland.eu\/index.php?rest_route=\/wp\/v2\/pages\/7","targetHints":{"allow":["GET"]}}],"collection":[{"href":"http:\/\/textrapoland.eu\/index.php?rest_route=\/wp\/v2\/pages"}],"about":[{"href":"http:\/\/textrapoland.eu\/index.php?rest_route=\/wp\/v2\/types\/page"}],"author":[{"embeddable":true,"href":"http:\/\/textrapoland.eu\/index.php?rest_route=\/wp\/v2\/users\/1"}],"replies":[{"embeddable":true,"href":"http:\/\/textrapoland.eu\/index.php?rest_route=%2Fwp%2Fv2%2Fcomments&post=7"}],"version-history":[{"count":13,"href":"http:\/\/textrapoland.eu\/index.php?rest_route=\/wp\/v2\/pages\/7\/revisions"}],"predecessor-version":[{"id":555,"href":"http:\/\/textrapoland.eu\/index.php?rest_route=\/wp\/v2\/pages\/7\/revisions\/555"}],"wp:attachment":[{"href":"http:\/\/textrapoland.eu\/index.php?rest_route=%2Fwp%2Fv2%2Fmedia&parent=7"}],"curies":[{"name":"wp","href":"https:\/\/api.w.org\/{rel}","templated":true}]}}