{"id":9,"date":"2015-05-11T13:22:22","date_gmt":"2015-05-11T11:22:22","guid":{"rendered":"http:\/\/textrapoland.eu\/?page_id=9"},"modified":"2023-05-25T12:34:04","modified_gmt":"2023-05-25T10:34:04","slug":"spedycja","status":"publish","type":"page","link":"http:\/\/textrapoland.eu\/?page_id=9","title":{"rendered":"Spedycja"},"content":{"rendered":"<p><span style=\"font-size: 24pt;\">W naszej pracy kierujemy si\u0119 filozofi\u0105 7W:<\/span><br \/>\n<span style=\"font-size: 24pt;\"> &#8211; We w\u0142a\u015bciwym czasie<\/span><br \/>\n<span style=\"font-size: 24pt;\"> &#8211; W\u0142a\u015bciwy towar<\/span><br \/>\n<span style=\"font-size: 24pt;\"> &#8211; We w\u0142a\u015bciwej ilo\u015bci<\/span><br \/>\n<span style=\"font-size: 24pt;\"> &#8211; We w\u0142a\u015bciwe miejsce<\/span><br \/>\n<span style=\"font-size: 24pt;\"> &#8211; W\u0142a\u015bciwemu Klientowi<\/span><br \/>\n<span style=\"font-size: 24pt;\"> &#8211; We w\u0142a\u015bciwej jako\u015bci<\/span><br \/>\n<span style=\"font-size: 24pt;\"> &#8211; We w\u0142a\u015bciwej cenie<\/span><\/p>\n","protected":false},"excerpt":{"rendered":"<p>W naszej pracy kierujemy si\u0119 filozofi\u0105 7W: &#8211; We w\u0142a\u015bciwym czasie &#8211; W\u0142a\u015bciwy towar &#8211; We w\u0142a\u015bciwej ilo\u015bci &#8211; We w\u0142a\u015bciwe miejsce &#8211; W\u0142a\u015bciwemu Klientowi &#8211; We w\u0142a\u015bciwej jako\u015bci &#8211; We w\u0142a\u015bciwej cenie<\/p>\n","protected":false},"author":1,"featured_media":0,"parent":0,"menu_order":0,"comment_status":"open","ping_status":"open","template":"tpl-shipping.php","meta":{"footnotes":""},"class_list":["post-9","page","type-page","status-publish","hentry"],"_links":{"self":[{"href":"http:\/\/textrapoland.eu\/index.php?rest_route=\/wp\/v2\/pages\/9","targetHints":{"allow":["GET"]}}],"collection":[{"href":"http:\/\/textrapoland.eu\/index.php?rest_route=\/wp\/v2\/pages"}],"about":[{"href":"http:\/\/textrapoland.eu\/index.php?rest_route=\/wp\/v2\/types\/page"}],"author":[{"embeddable":true,"href":"http:\/\/textrapoland.eu\/index.php?rest_route=\/wp\/v2\/users\/1"}],"replies":[{"embeddable":true,"href":"http:\/\/textrapoland.eu\/index.php?rest_route=%2Fwp%2Fv2%2Fcomments&post=9"}],"version-history":[{"count":11,"href":"http:\/\/textrapoland.eu\/index.php?rest_route=\/wp\/v2\/pages\/9\/revisions"}],"predecessor-version":[{"id":512,"href":"http:\/\/textrapoland.eu\/index.php?rest_route=\/wp\/v2\/pages\/9\/revisions\/512"}],"wp:attachment":[{"href":"http:\/\/textrapoland.eu\/index.php?rest_route=%2Fwp%2Fv2%2Fmedia&parent=9"}],"curies":[{"name":"wp","href":"https:\/\/api.w.org\/{rel}","templated":true}]}}