{"id":931,"date":"2018-07-18T13:24:54","date_gmt":"2018-07-18T11:24:54","guid":{"rendered":"http:\/\/textrapoland.eu\/?page_id=931"},"modified":"2022-04-05T16:25:14","modified_gmt":"2022-04-05T14:25:14","slug":"polityka-prywatnosci","status":"publish","type":"page","link":"http:\/\/textrapoland.eu\/?page_id=931","title":{"rendered":"Polityka prywatno\u015bci"},"content":{"rendered":"<p>Szanowni Pa\u0144stwo,<br \/>\nod dnia 25 maja 2018 roku obowi\u0105zuje nowe rozporz\u0105dzenie Parlamentu Europejskiego i Rady (UE) 2016\/679<br \/>\nz dnia 27 kwietnia 2016 r. w sprawie ochrony os\u00f3b fizycznych w zwi\u0105zku<br \/>\nz przetwarzaniem danych osobowych<br \/>\ni w sprawie swobodnego przep\u0142ywu takich informacji oraz uchylenia dyrektywy 95\/46\/WE (w skr\u00f3cie: RODO).<\/p>\n","protected":false},"excerpt":{"rendered":"<p>Szanowni Pa\u0144stwo, od dnia 25 maja 2018 roku obowi\u0105zuje nowe rozporz\u0105dzenie Parlamentu Europejskiego i Rady (UE) 2016\/679 z dnia 27 kwietnia 2016 r. w sprawie ochrony os\u00f3b fizycznych w zwi\u0105zku z przetwarzaniem danych osobowych i w sprawie swobodnego przep\u0142ywu takich informacji oraz uchylenia dyrektywy 95\/46\/WE (w skr\u00f3cie: RODO).<\/p>\n","protected":false},"author":1,"featured_media":0,"parent":0,"menu_order":0,"comment_status":"open","ping_status":"open","template":"","meta":{"footnotes":""},"class_list":["post-931","page","type-page","status-publish","hentry"],"_links":{"self":[{"href":"http:\/\/textrapoland.eu\/index.php?rest_route=\/wp\/v2\/pages\/931","targetHints":{"allow":["GET"]}}],"collection":[{"href":"http:\/\/textrapoland.eu\/index.php?rest_route=\/wp\/v2\/pages"}],"about":[{"href":"http:\/\/textrapoland.eu\/index.php?rest_route=\/wp\/v2\/types\/page"}],"author":[{"embeddable":true,"href":"http:\/\/textrapoland.eu\/index.php?rest_route=\/wp\/v2\/users\/1"}],"replies":[{"embeddable":true,"href":"http:\/\/textrapoland.eu\/index.php?rest_route=%2Fwp%2Fv2%2Fcomments&post=931"}],"version-history":[{"count":3,"href":"http:\/\/textrapoland.eu\/index.php?rest_route=\/wp\/v2\/pages\/931\/revisions"}],"predecessor-version":[{"id":1162,"href":"http:\/\/textrapoland.eu\/index.php?rest_route=\/wp\/v2\/pages\/931\/revisions\/1162"}],"wp:attachment":[{"href":"http:\/\/textrapoland.eu\/index.php?rest_route=%2Fwp%2Fv2%2Fmedia&parent=931"}],"curies":[{"name":"wp","href":"https:\/\/api.w.org\/{rel}","templated":true}]}}